{"id":182,"date":"2025-04-24T09:56:44","date_gmt":"2025-04-24T09:56:44","guid":{"rendered":"https:\/\/grupp02.kreativ-kod.se\/index.php\/blog\/"},"modified":"2025-05-05T19:03:01","modified_gmt":"2025-05-05T19:03:01","slug":"bestall-catering-stockholm","status":"publish","type":"page","link":"https:\/\/person28.kreativ-kod.se\/index.php\/bestall-catering-stockholm\/","title":{"rendered":"Best\u00e4ll h\u00e4r"},"content":{"rendered":"\n<p>V\u00e4lkommen till Le Festin! Letar du efter en cateringbest\u00e4llning i Stockholm som kombinerar smak, stil och personlig service? D\u00e5 har du hittat r\u00e4tt. Vi hj\u00e4lper dig skapa minnesv\u00e4rda tillst\u00e4llningar med f\u00f6rstklassiga menyer och en skr\u00e4ddarsydd serviceupplevelse.<\/p>\n\n<p>Oavsett om du planerar ett br\u00f6llop, f\u00f6retagsevent eller en privat fest erbjuder vi flexibla l\u00f6sningar som passar just ditt behov. V\u00e4lj mellan eleganta trer\u00e4ttersmiddagar, plockbuff\u00e9er eller specialkomponerade menyer \u2013 allt med f\u00e4rska r\u00e5varor och ett \u00f6ga f\u00f6r detaljer.<\/p>\n\n<p>Att g\u00f6ra en cateringbest\u00e4llning i Stockholm har aldrig varit enklare. Kontakta oss via telefon eller e-post f\u00f6r att f\u00e5 en personlig offert. Vi lyssnar p\u00e5 dina \u00f6nskem\u00e5l och skr\u00e4ddarsyr f\u00f6rslag som passar b\u00e5de tema, budget och antal g\u00e4ster.<\/p>\n\n<p>Vill du veta mer? Tveka inte att h\u00f6ra av dig! Hos oss p\u00e5 Le Festin f\u00e5r du mer \u00e4n bara mat \u2013 du f\u00e5r en helhetsupplevelse d\u00e4r varje detalj \u00e4r noggrant planerad. L\u00e5t oss ta hand om maten, s\u00e5 att du kan fokusera p\u00e5 att skapa minnen som best\u00e5r.<\/p>\n\n\n\n<form method=\"post\" class=\"wp-block-gutena-forms gutena-forms-contact-form gutena_forms_ID_b4b41a51388_2642025155620 after_submit_message is-layout-flow wp-container-gutena-forms-is-layout-00b5b574 wp-block-forms-is-layout-flow\" style=\"padding-top:2rem;padding-bottom:5rem\"><input type=\"hidden\" name=\"formid\" value=\"gutena_forms_ID_b4b41a51388_2642025155620\"\/>\n<div class=\"wp-block-gutena-field-group  field-group-type-text is-layout-flow wp-block-field-group-is-layout-flow\">\n<div class=\"wp-block-group is-vertical is-layout-flex wp-container-core-group-is-layout-501cef26 wp-block-group-is-layout-flex\">\n<h3 class=\"wp-block-heading heading-input-label-gutena\"><strong>Ditt namn<\/strong><\/h3>\n\n\n<div class=\"gutena-forms-text-field field-name-first_name  wp-block-gutena-form-field\"><input \n\t\t\t\t name=\"first_name\" type=\"text\" class=\"gutena-forms-field text-field required-field  \" placeholder=\"Skriv in ditt namn\"  required \n\t\t\t\t\/><\/div><\/div>\n\n\n\n<p class=\"gutena-forms-field-error-msg\"><\/p>\n<\/div>\n\n\n\n<div class=\"wp-block-gutena-field-group  field-group-type-text is-layout-flow wp-block-field-group-is-layout-flow\">\n<div class=\"wp-block-group is-vertical is-layout-flex wp-container-core-group-is-layout-501cef26 wp-block-group-is-layout-flex\">\n<h3 class=\"wp-block-heading heading-input-label-gutena\">Telefonnummer<\/h3>\n\n\n<div class=\"gutena-forms-text-field field-name-last_name  wp-block-gutena-form-field\"><input \n\t\t\t\t name=\"last_name\" type=\"text\" class=\"gutena-forms-field text-field required-field  \" placeholder=\"Skriv in ditt telefonnummer\"  required \n\t\t\t\t\/><\/div><\/div>\n\n\n\n<p class=\"gutena-forms-field-error-msg\"><\/p>\n<\/div>\n\n\n\n<div class=\"wp-block-gutena-field-group  field-group-type-email is-layout-flow wp-block-field-group-is-layout-flow\">\n<div class=\"wp-block-group is-vertical is-layout-flex wp-container-core-group-is-layout-501cef26 wp-block-group-is-layout-flex\">\n<h3 class=\"wp-block-heading heading-input-label-gutena\"><strong>E-post<\/strong><\/h3>\n\n\n<div class=\"gutena-forms-email-field field-name-email  wp-block-gutena-form-field\"><input \n\t\t\t\t name=\"email\" type=\"email\" class=\"gutena-forms-field email-field required-field  \" placeholder=\"exempel@gmail.se\"  required \n\t\t\t\t\/><\/div><\/div>\n\n\n\n<p class=\"gutena-forms-field-error-msg\"><\/p>\n<\/div>\n\n\n\n<div class=\"wp-block-gutena-field-group  field-group-type-text is-layout-flow wp-block-field-group-is-layout-flow\">\n<p class=\"gutena-forms-field-error-msg\"><\/p>\n<\/div>\n\n\n\n<div class=\"wp-block-gutena-field-group  field-group-type-textarea is-layout-flow wp-block-field-group-is-layout-flow\">\n<div class=\"wp-block-group is-vertical is-layout-flex wp-container-core-group-is-layout-501cef26 wp-block-group-is-layout-flex\">\n<h3 class=\"wp-block-heading heading-input-label-gutena\"><strong>Information om best\u00e4llning<\/strong><\/h3>\n\n\n<div class=\"gutena-forms-textarea-field field-name-message  wp-block-gutena-form-field\"><textarea \n\t\t\t\t name=\"message\" rows=\"5\" class=\"gutena-forms-field textarea-field required-field  \" placeholder=\"\u00d6vrig info: lokal, antal personer, typ av event, datum...\"  required \n\t\t\t\t><\/textarea><\/div><\/div>\n\n\n\n<p class=\"gutena-forms-field-error-msg\"><\/p>\n<\/div>\n\n\n\n<div class=\"wp-block-buttons gutena-forms-submit-buttons is-layout-flex wp-block-buttons-is-layout-flex\">\n<div class=\"wp-block-button gutena-forms-submit-button\"><button class=\"wp-block-button__link wp-element-button\">SKICKA F\u00d6RFR\u00c5GAN<\/button><\/div>\n<\/div>\n\n\n\n<div class=\"wp-block-gutena-form-confirm-msg is-layout-flow wp-block-form-confirm-msg-is-layout-flow\">\n<div class=\"wp-block-group has-background is-content-justification-left is-nowrap is-layout-flex wp-container-core-group-is-layout-385d3396 wp-block-group-is-layout-flex\" style=\"border-radius:5px;background-color:#d8eacc;padding-top:12px;padding-right:12px;padding-bottom:12px;padding-left:12px\">\n<figure class=\"wp-block-image size-large form-message-icon\"><img decoding=\"async\" src=\"data:image\/svg+xml;base64,PHN2ZyB3aWR0aD0iMTYiIGhlaWdodD0iMTYiIHZpZXdCb3g9IjAgMCAxNiAxNiIgZmlsbD0ibm9uZSIgeG1sbnM9Imh0dHA6Ly93d3cudzMub3JnLzIwMDAvc3ZnIj4KPHBhdGggZD0iTTggMTZDMy41ODE2IDE2IDAgMTIuNDE4NCAwIDhDMCAzLjU4MTYgMy41ODE2IDAgOCAwQzEyLjQxODQgMCAxNiAzLjU4MTYgMTYgOEMxNiAxMi40MTg0IDEyLjQxODQgMTYgOCAxNlpNOCAxNC40QzkuNjk3MzkgMTQuNCAxMS4zMjUzIDEzLjcyNTcgMTIuNTI1NSAxMi41MjU1QzEzLjcyNTcgMTEuMzI1MyAxNC40IDkuNjk3MzkgMTQuNCA4QzE0LjQgNi4zMDI2MSAxMy43MjU3IDQuNjc0NzUgMTIuNTI1NSAzLjQ3NDUyQzExLjMyNTMgMi4yNzQyOCA5LjY5NzM5IDEuNiA4IDEuNkM2LjMwMjYxIDEuNiA0LjY3NDc1IDIuMjc0MjggMy40NzQ1MiAzLjQ3NDUyQzIuMjc0MjggNC42NzQ3NSAxLjYgNi4zMDI2MSAxLjYgOEMxLjYgOS42OTczOSAyLjI3NDI4IDExLjMyNTMgMy40NzQ1MiAxMi41MjU1QzQuNjc0NzUgMTMuNzI1NyA2LjMwMjYxIDE0LjQgOCAxNC40Wk03LjIwMjQgMTEuMkwzLjgwOCA3LjgwNTZMNC45MzkyIDYuNjc0NEw3LjIwMjQgOC45Mzc2TDExLjcyNzIgNC40MTJMMTIuODU5MiA1LjU0MzJMNy4yMDI0IDExLjJaIiBmaWxsPSIjNDY4NDFFIi8+Cjwvc3ZnPgo=\" alt=\"Success\" class=\"wp-image-3811\"\/><\/figure>\n\n\n\n<p class=\"has-black-color has-text-color has-tiny-font-size\" style=\"font-size:12px;font-style:normal;font-weight:500;line-height:1.2\">Your form submitted successfully!<\/p>\n<\/div>\n<\/div>\n\n\n\n<div class=\"wp-block-gutena-form-error-msg is-layout-flow wp-block-form-error-msg-is-layout-flow\">\n<div class=\"wp-block-group has-background is-content-justification-left is-nowrap is-layout-flex wp-container-core-group-is-layout-385d3396 wp-block-group-is-layout-flex\" style=\"border-radius:5px;background-color:#ffd3d3;padding-top:12px;padding-right:12px;padding-bottom:12px;padding-left:12px\">\n<figure class=\"wp-block-image size-large form-message-icon\"><img decoding=\"async\" src=\"data:image\/svg+xml;base64,PHN2ZyB3aWR0aD0iMTYiIGhlaWdodD0iMTYiIHZpZXdCb3g9IjAgMCAxNiAxNiIgZmlsbD0ibm9uZSIgeG1sbnM9Imh0dHA6Ly93d3cudzMub3JnLzIwMDAvc3ZnIj4KPHBhdGggZD0iTTggMTZDMy41ODE2IDE2IDAgMTIuNDE4NCAwIDhDMCAzLjU4MTYgMy41ODE2IDAgOCAwQzEyLjQxODQgMCAxNiAzLjU4MTYgMTYgOEMxNiAxMi40MTg0IDEyLjQxODQgMTYgOCAxNlpNOCAxNC40QzkuNjk3MzkgMTQuNCAxMS4zMjUzIDEzLjcyNTcgMTIuNTI1NSAxMi41MjU1QzEzLjcyNTcgMTEuMzI1MyAxNC40IDkuNjk3MzkgMTQuNCA4QzE0LjQgNi4zMDI2MSAxMy43MjU3IDQuNjc0NzUgMTIuNTI1NSAzLjQ3NDUyQzExLjMyNTMgMi4yNzQyOCA5LjY5NzM5IDEuNiA4IDEuNkM2LjMwMjYxIDEuNiA0LjY3NDc1IDIuMjc0MjggMy40NzQ1MiAzLjQ3NDUyQzIuMjc0MjggNC42NzQ3NSAxLjYgNi4zMDI2MSAxLjYgOEMxLjYgOS42OTczOSAyLjI3NDI4IDExLjMyNTMgMy40NzQ1MiAxMi41MjU1QzQuNjc0NzUgMTMuNzI1NyA2LjMwMjYxIDE0LjQgOCAxNC40Wk03LjIgMTAuNEg4LjhWMTJINy4yVjEwLjRaTTcuMiA0SDguOFY4LjhINy4yVjRaIiBmaWxsPSIjQzUxOTE5Ii8+Cjwvc3ZnPgo=\" alt=\"Error\" class=\"wp-image-3811\"\/><\/figure>\n\n\n\n<p class=\"gutena-forms-error-text has-black-color has-text-color\" style=\"font-size:12px;font-style:normal;font-weight:500;line-height:1.2\">Sorry! your form was not submitted properly, Please check the errors above.<\/p>\n<\/div>\n<\/div>\n<\/form>\n\n\n\n<div class=\"wp-block-group has-global-padding is-layout-constrained wp-block-group-is-layout-constrained\">\n<div class=\"wp-block-columns are-vertically-aligned-center is-layout-flex wp-container-core-columns-is-layout-28f84493 wp-block-columns-is-layout-flex\">\n<div class=\"wp-block-column is-vertically-aligned-center is-layout-flow wp-block-column-is-layout-flow\">\n<h2 class=\"wp-block-heading has-large-font-size\" style=\"font-style:normal;font-weight:700\">Vi finns h\u00e4r!<\/h2>\n\n\n\n<p style=\"font-size:clamp(0.875em, 0.875rem + ((1vw - 0.2em) * 0.375), 1.1em);\">S\u00f6dermalmsall\u00e9n 23, Stockholm<br>118 65, Sverige<\/p>\n\n\n\n<p style=\"font-size:clamp(0.875em, 0.875rem + ((1vw - 0.2em) * 0.375), 1.1em);\">Telefon: +46 311241565<br>E-post: <a href=\"mailto:example@example.com\"><\/a><a href=\"mailto:Lefestincatering@gmail.se\">Lefestincatering@gmail.se<\/a><\/p>\n\n\n\n<ul class=\"wp-block-social-links has-icon-color is-style-logos-only is-layout-flex wp-block-social-links-is-layout-flex\"><li style=\"color: #000000; \" class=\"wp-social-link wp-social-link-facebook has-black-color wp-block-social-link\"><a href=\"https:\/\/facebook.com\/\" class=\"wp-block-social-link-anchor\"><svg width=\"24\" height=\"24\" viewBox=\"0 0 24 24\" version=\"1.1\" xmlns=\"http:\/\/www.w3.org\/2000\/svg\" aria-hidden=\"true\" focusable=\"false\"><path d=\"M12 2C6.5 2 2 6.5 2 12c0 5 3.7 9.1 8.4 9.9v-7H7.9V12h2.5V9.8c0-2.5 1.5-3.9 3.8-3.9 1.1 0 2.2.2 2.2.2v2.5h-1.3c-1.2 0-1.6.8-1.6 1.6V12h2.8l-.4 2.9h-2.3v7C18.3 21.1 22 17 22 12c0-5.5-4.5-10-10-10z\"><\/path><\/svg><span class=\"wp-block-social-link-label screen-reader-text\">Facebook<\/span><\/a><\/li>\n\n<li style=\"color: #000000; \" class=\"wp-social-link wp-social-link-instagram has-black-color wp-block-social-link\"><a href=\"https:\/\/instagram.com\" class=\"wp-block-social-link-anchor\"><svg width=\"24\" height=\"24\" viewBox=\"0 0 24 24\" version=\"1.1\" xmlns=\"http:\/\/www.w3.org\/2000\/svg\" aria-hidden=\"true\" focusable=\"false\"><path d=\"M12,4.622c2.403,0,2.688,0.009,3.637,0.052c0.877,0.04,1.354,0.187,1.671,0.31c0.42,0.163,0.72,0.358,1.035,0.673 c0.315,0.315,0.51,0.615,0.673,1.035c0.123,0.317,0.27,0.794,0.31,1.671c0.043,0.949,0.052,1.234,0.052,3.637 s-0.009,2.688-0.052,3.637c-0.04,0.877-0.187,1.354-0.31,1.671c-0.163,0.42-0.358,0.72-0.673,1.035 c-0.315,0.315-0.615,0.51-1.035,0.673c-0.317,0.123-0.794,0.27-1.671,0.31c-0.949,0.043-1.233,0.052-3.637,0.052 s-2.688-0.009-3.637-0.052c-0.877-0.04-1.354-0.187-1.671-0.31c-0.42-0.163-0.72-0.358-1.035-0.673 c-0.315-0.315-0.51-0.615-0.673-1.035c-0.123-0.317-0.27-0.794-0.31-1.671C4.631,14.688,4.622,14.403,4.622,12 s0.009-2.688,0.052-3.637c0.04-0.877,0.187-1.354,0.31-1.671c0.163-0.42,0.358-0.72,0.673-1.035 c0.315-0.315,0.615-0.51,1.035-0.673c0.317-0.123,0.794-0.27,1.671-0.31C9.312,4.631,9.597,4.622,12,4.622 M12,3 C9.556,3,9.249,3.01,8.289,3.054C7.331,3.098,6.677,3.25,6.105,3.472C5.513,3.702,5.011,4.01,4.511,4.511 c-0.5,0.5-0.808,1.002-1.038,1.594C3.25,6.677,3.098,7.331,3.054,8.289C3.01,9.249,3,9.556,3,12c0,2.444,0.01,2.751,0.054,3.711 c0.044,0.958,0.196,1.612,0.418,2.185c0.23,0.592,0.538,1.094,1.038,1.594c0.5,0.5,1.002,0.808,1.594,1.038 c0.572,0.222,1.227,0.375,2.185,0.418C9.249,20.99,9.556,21,12,21s2.751-0.01,3.711-0.054c0.958-0.044,1.612-0.196,2.185-0.418 c0.592-0.23,1.094-0.538,1.594-1.038c0.5-0.5,0.808-1.002,1.038-1.594c0.222-0.572,0.375-1.227,0.418-2.185 C20.99,14.751,21,14.444,21,12s-0.01-2.751-0.054-3.711c-0.044-0.958-0.196-1.612-0.418-2.185c-0.23-0.592-0.538-1.094-1.038-1.594 c-0.5-0.5-1.002-0.808-1.594-1.038c-0.572-0.222-1.227-0.375-2.185-0.418C14.751,3.01,14.444,3,12,3L12,3z M12,7.378 c-2.552,0-4.622,2.069-4.622,4.622S9.448,16.622,12,16.622s4.622-2.069,4.622-4.622S14.552,7.378,12,7.378z M12,15 c-1.657,0-3-1.343-3-3s1.343-3,3-3s3,1.343,3,3S13.657,15,12,15z M16.804,6.116c-0.596,0-1.08,0.484-1.08,1.08 s0.484,1.08,1.08,1.08c0.596,0,1.08-0.484,1.08-1.08S17.401,6.116,16.804,6.116z\"><\/path><\/svg><span class=\"wp-block-social-link-label screen-reader-text\">Instagram<\/span><\/a><\/li>\n\n<li style=\"color: #000000; \" class=\"wp-social-link wp-social-link-twitter has-black-color wp-block-social-link\"><a href=\"https:\/\/twitter.com\" class=\"wp-block-social-link-anchor\"><svg width=\"24\" height=\"24\" viewBox=\"0 0 24 24\" version=\"1.1\" xmlns=\"http:\/\/www.w3.org\/2000\/svg\" aria-hidden=\"true\" focusable=\"false\"><path d=\"M22.23,5.924c-0.736,0.326-1.527,0.547-2.357,0.646c0.847-0.508,1.498-1.312,1.804-2.27 c-0.793,0.47-1.671,0.812-2.606,0.996C18.324,4.498,17.257,4,16.077,4c-2.266,0-4.103,1.837-4.103,4.103 c0,0.322,0.036,0.635,0.106,0.935C8.67,8.867,5.647,7.234,3.623,4.751C3.27,5.357,3.067,6.062,3.067,6.814 c0,1.424,0.724,2.679,1.825,3.415c-0.673-0.021-1.305-0.206-1.859-0.513c0,0.017,0,0.034,0,0.052c0,1.988,1.414,3.647,3.292,4.023 c-0.344,0.094-0.707,0.144-1.081,0.144c-0.264,0-0.521-0.026-0.772-0.074c0.522,1.63,2.038,2.816,3.833,2.85 c-1.404,1.1-3.174,1.756-5.096,1.756c-0.331,0-0.658-0.019-0.979-0.057c1.816,1.164,3.973,1.843,6.29,1.843 c7.547,0,11.675-6.252,11.675-11.675c0-0.178-0.004-0.355-0.012-0.531C20.985,7.47,21.68,6.747,22.23,5.924z\"><\/path><\/svg><span class=\"wp-block-social-link-label screen-reader-text\">Twitter<\/span><\/a><\/li><\/ul>\n<\/div>\n\n\n\n<div class=\"wp-block-column is-vertically-aligned-center is-layout-flow wp-block-column-is-layout-flow\">\n<div style=\"height:68px\" aria-hidden=\"true\" class=\"wp-block-spacer\"><\/div>\n\n\n\n<iframe src=\"https:\/\/www.google.com\/maps\/embed?pb=!1m18!1m12!1m3!1d2036.2103279747034!2d18.058639613332627!3d59.31274477450042!2m3!1f0!2f0!3f0!3m2!1i1024!2i768!4f13.1!3m3!1m2!1s0x465f77ef01be2e9f%3A0xe5230d7576fe0a3d!2sS%C3%B6dermalmsall%C3%A9n%2023%2C%20118%2065%20Stockholm!5e0!3m2!1sen!2sse!4v1745677026584!5m2!1sen!2sse\" width=\"600\" height=\"450\" style=\"border:0;\" allowfullscreen=\"\" loading=\"lazy\" referrerpolicy=\"no-referrer-when-downgrade\"><\/iframe>\n<\/div>\n<\/div>\n<\/div>\n\n\n\n<div style=\"height:100px\" aria-hidden=\"true\" class=\"wp-block-spacer\"><\/div>\n\n\n\n<p><\/p>\n","protected":false},"excerpt":{"rendered":"<p>V\u00e4lkommen till Le Festin! Letar du efter en cateringbest\u00e4llning i Stockholm som kombinerar smak, stil och personlig service? D\u00e5 har du hittat r\u00e4tt. Vi hj\u00e4lper dig skapa minnesv\u00e4rda tillst\u00e4llningar med f\u00f6rstklassiga menyer och en skr\u00e4ddarsydd serviceupplevelse. Oavsett om du planerar ett br\u00f6llop, f\u00f6retagsevent eller en privat fest erbjuder vi flexibla l\u00f6sningar som passar just ditt &hellip; <\/p>\n<p class=\"link-more\"><a href=\"https:\/\/person28.kreativ-kod.se\/index.php\/bestall-catering-stockholm\/\" class=\"more-link\">L\u00e4s mer<span class=\"screen-reader-text\"> \u201dBest\u00e4ll h\u00e4r\u201d<\/span><\/a><\/p>\n","protected":false},"author":7,"featured_media":0,"parent":0,"menu_order":0,"comment_status":"closed","ping_status":"closed","template":"","meta":{"footnotes":""},"class_list":["post-182","page","type-page","status-publish","hentry"],"yoast_head":"<!-- This site is optimized with the Yoast SEO plugin v24.9 - https:\/\/yoast.com\/wordpress\/plugins\/seo\/ -->\n<title>Best\u00e4ll h\u00e4r - Le Festin - Catering<\/title>\n<meta name=\"description\" content=\"Kontakta Le Festin f\u00f6r cateringbest\u00e4llning Stockholm. Vi erbjuder exklusiva menyer och personlig service som skapar minnesv\u00e4rda event.\" \/>\n<meta name=\"robots\" content=\"noindex, follow, max-snippet:-1, max-image-preview:large, max-video-preview:-1\" \/>\n<meta property=\"og:locale\" content=\"sv_SE\" \/>\n<meta property=\"og:type\" content=\"article\" \/>\n<meta property=\"og:title\" content=\"Best\u00e4ll h\u00e4r - Le Festin - Catering\" \/>\n<meta property=\"og:description\" content=\"Kontakta Le Festin f\u00f6r cateringbest\u00e4llning Stockholm. Vi erbjuder exklusiva menyer och personlig service som skapar minnesv\u00e4rda event.\" \/>\n<meta property=\"og:url\" content=\"https:\/\/person28.kreativ-kod.se\/index.php\/bestall-catering-stockholm\/\" \/>\n<meta property=\"og:site_name\" content=\"Le Festin - Catering\" \/>\n<meta property=\"article:modified_time\" content=\"2025-05-05T19:03:01+00:00\" \/>\n<meta name=\"twitter:card\" content=\"summary_large_image\" \/>\n<meta name=\"twitter:label1\" content=\"Ber\u00e4knad l\u00e4stid\" \/>\n\t<meta name=\"twitter:data1\" content=\"1 minut\" \/>\n<script type=\"application\/ld+json\" class=\"yoast-schema-graph\">{\"@context\":\"https:\/\/schema.org\",\"@graph\":[{\"@type\":\"WebPage\",\"@id\":\"https:\/\/person28.kreativ-kod.se\/index.php\/bestall-catering-stockholm\/\",\"url\":\"https:\/\/person28.kreativ-kod.se\/index.php\/bestall-catering-stockholm\/\",\"name\":\"Best\u00e4ll h\u00e4r - Le Festin - Catering\",\"isPartOf\":{\"@id\":\"https:\/\/person28.kreativ-kod.se\/#website\"},\"datePublished\":\"2025-04-24T09:56:44+00:00\",\"dateModified\":\"2025-05-05T19:03:01+00:00\",\"description\":\"Kontakta Le Festin f\u00f6r cateringbest\u00e4llning Stockholm. Vi erbjuder exklusiva menyer och personlig service som skapar minnesv\u00e4rda event.\",\"breadcrumb\":{\"@id\":\"https:\/\/person28.kreativ-kod.se\/index.php\/bestall-catering-stockholm\/#breadcrumb\"},\"inLanguage\":\"sv-SE\",\"potentialAction\":[{\"@type\":\"ReadAction\",\"target\":[\"https:\/\/person28.kreativ-kod.se\/index.php\/bestall-catering-stockholm\/\"]}]},{\"@type\":\"BreadcrumbList\",\"@id\":\"https:\/\/person28.kreativ-kod.se\/index.php\/bestall-catering-stockholm\/#breadcrumb\",\"itemListElement\":[{\"@type\":\"ListItem\",\"position\":1,\"name\":\"Hem\",\"item\":\"https:\/\/person28.kreativ-kod.se\/\"},{\"@type\":\"ListItem\",\"position\":2,\"name\":\"Best\u00e4ll h\u00e4r\"}]},{\"@type\":\"WebSite\",\"@id\":\"https:\/\/person28.kreativ-kod.se\/#website\",\"url\":\"https:\/\/person28.kreativ-kod.se\/\",\"name\":\"Le Festin - Catering\",\"description\":\"Vi levererar catering i Stockholm till ditt event!\",\"publisher\":{\"@id\":\"https:\/\/person28.kreativ-kod.se\/#organization\"},\"potentialAction\":[{\"@type\":\"SearchAction\",\"target\":{\"@type\":\"EntryPoint\",\"urlTemplate\":\"https:\/\/person28.kreativ-kod.se\/?s={search_term_string}\"},\"query-input\":{\"@type\":\"PropertyValueSpecification\",\"valueRequired\":true,\"valueName\":\"search_term_string\"}}],\"inLanguage\":\"sv-SE\"},{\"@type\":\"Organization\",\"@id\":\"https:\/\/person28.kreativ-kod.se\/#organization\",\"name\":\"Le Festin - Catering\",\"url\":\"https:\/\/person28.kreativ-kod.se\/\",\"logo\":{\"@type\":\"ImageObject\",\"inLanguage\":\"sv-SE\",\"@id\":\"https:\/\/person28.kreativ-kod.se\/#\/schema\/logo\/image\/\",\"url\":\"https:\/\/person28.kreativ-kod.se\/wp-content\/uploads\/2025\/04\/cropped-LE-FESTIN-LOGO-360px.png\",\"contentUrl\":\"https:\/\/person28.kreativ-kod.se\/wp-content\/uploads\/2025\/04\/cropped-LE-FESTIN-LOGO-360px.png\",\"width\":360,\"height\":90,\"caption\":\"Le Festin - Catering\"},\"image\":{\"@id\":\"https:\/\/person28.kreativ-kod.se\/#\/schema\/logo\/image\/\"}}]}<\/script>\n<!-- \/ Yoast SEO plugin. -->","yoast_head_json":{"title":"Best\u00e4ll h\u00e4r - Le Festin - Catering","description":"Kontakta Le Festin f\u00f6r cateringbest\u00e4llning Stockholm. Vi erbjuder exklusiva menyer och personlig service som skapar minnesv\u00e4rda event.","robots":{"index":"noindex","follow":"follow","max-snippet":"max-snippet:-1","max-image-preview":"max-image-preview:large","max-video-preview":"max-video-preview:-1"},"og_locale":"sv_SE","og_type":"article","og_title":"Best\u00e4ll h\u00e4r - Le Festin - Catering","og_description":"Kontakta Le Festin f\u00f6r cateringbest\u00e4llning Stockholm. Vi erbjuder exklusiva menyer och personlig service som skapar minnesv\u00e4rda event.","og_url":"https:\/\/person28.kreativ-kod.se\/index.php\/bestall-catering-stockholm\/","og_site_name":"Le Festin - Catering","article_modified_time":"2025-05-05T19:03:01+00:00","twitter_card":"summary_large_image","twitter_misc":{"Ber\u00e4knad l\u00e4stid":"1 minut"},"schema":{"@context":"https:\/\/schema.org","@graph":[{"@type":"WebPage","@id":"https:\/\/person28.kreativ-kod.se\/index.php\/bestall-catering-stockholm\/","url":"https:\/\/person28.kreativ-kod.se\/index.php\/bestall-catering-stockholm\/","name":"Best\u00e4ll h\u00e4r - Le Festin - Catering","isPartOf":{"@id":"https:\/\/person28.kreativ-kod.se\/#website"},"datePublished":"2025-04-24T09:56:44+00:00","dateModified":"2025-05-05T19:03:01+00:00","description":"Kontakta Le Festin f\u00f6r cateringbest\u00e4llning Stockholm. Vi erbjuder exklusiva menyer och personlig service som skapar minnesv\u00e4rda event.","breadcrumb":{"@id":"https:\/\/person28.kreativ-kod.se\/index.php\/bestall-catering-stockholm\/#breadcrumb"},"inLanguage":"sv-SE","potentialAction":[{"@type":"ReadAction","target":["https:\/\/person28.kreativ-kod.se\/index.php\/bestall-catering-stockholm\/"]}]},{"@type":"BreadcrumbList","@id":"https:\/\/person28.kreativ-kod.se\/index.php\/bestall-catering-stockholm\/#breadcrumb","itemListElement":[{"@type":"ListItem","position":1,"name":"Hem","item":"https:\/\/person28.kreativ-kod.se\/"},{"@type":"ListItem","position":2,"name":"Best\u00e4ll h\u00e4r"}]},{"@type":"WebSite","@id":"https:\/\/person28.kreativ-kod.se\/#website","url":"https:\/\/person28.kreativ-kod.se\/","name":"Le Festin - Catering","description":"Vi levererar catering i Stockholm till ditt event!","publisher":{"@id":"https:\/\/person28.kreativ-kod.se\/#organization"},"potentialAction":[{"@type":"SearchAction","target":{"@type":"EntryPoint","urlTemplate":"https:\/\/person28.kreativ-kod.se\/?s={search_term_string}"},"query-input":{"@type":"PropertyValueSpecification","valueRequired":true,"valueName":"search_term_string"}}],"inLanguage":"sv-SE"},{"@type":"Organization","@id":"https:\/\/person28.kreativ-kod.se\/#organization","name":"Le Festin - Catering","url":"https:\/\/person28.kreativ-kod.se\/","logo":{"@type":"ImageObject","inLanguage":"sv-SE","@id":"https:\/\/person28.kreativ-kod.se\/#\/schema\/logo\/image\/","url":"https:\/\/person28.kreativ-kod.se\/wp-content\/uploads\/2025\/04\/cropped-LE-FESTIN-LOGO-360px.png","contentUrl":"https:\/\/person28.kreativ-kod.se\/wp-content\/uploads\/2025\/04\/cropped-LE-FESTIN-LOGO-360px.png","width":360,"height":90,"caption":"Le Festin - Catering"},"image":{"@id":"https:\/\/person28.kreativ-kod.se\/#\/schema\/logo\/image\/"}}]}},"_links":{"self":[{"href":"https:\/\/person28.kreativ-kod.se\/index.php\/wp-json\/wp\/v2\/pages\/182","targetHints":{"allow":["GET"]}}],"collection":[{"href":"https:\/\/person28.kreativ-kod.se\/index.php\/wp-json\/wp\/v2\/pages"}],"about":[{"href":"https:\/\/person28.kreativ-kod.se\/index.php\/wp-json\/wp\/v2\/types\/page"}],"author":[{"embeddable":true,"href":"https:\/\/person28.kreativ-kod.se\/index.php\/wp-json\/wp\/v2\/users\/7"}],"replies":[{"embeddable":true,"href":"https:\/\/person28.kreativ-kod.se\/index.php\/wp-json\/wp\/v2\/comments?post=182"}],"version-history":[{"count":52,"href":"https:\/\/person28.kreativ-kod.se\/index.php\/wp-json\/wp\/v2\/pages\/182\/revisions"}],"predecessor-version":[{"id":741,"href":"https:\/\/person28.kreativ-kod.se\/index.php\/wp-json\/wp\/v2\/pages\/182\/revisions\/741"}],"wp:attachment":[{"href":"https:\/\/person28.kreativ-kod.se\/index.php\/wp-json\/wp\/v2\/media?parent=182"}],"curies":[{"name":"wp","href":"https:\/\/api.w.org\/{rel}","templated":true}]}}